{"id":3294,"date":"2020-06-25T08:54:13","date_gmt":"2020-06-25T12:54:13","guid":{"rendered":"http:\/\/bbd.machinedev.ca\/?page_id=3294"},"modified":"2025-06-25T19:59:30","modified_gmt":"2025-06-25T23:59:30","slug":"assurance-individuelle","status":"publish","type":"page","link":"https:\/\/www.bbd.ca\/fr\/assurance-individuelle\/","title":{"rendered":"Assurance individuelle"},"content":{"rendered":"<div class=\"impact-overflow\">\n<section class=\"section section--impact alignfull remove-angles\" id=\"block_9968214c80a6795c4bc531b6b0b2f3f7\">\n  <div class=\"grid-container\">\n    <div class=\"grid-x align-middle\">\n      <div class=\"cell simple-fade medium-6\">\n                  <h1>Assurance soins m\u00e9dicaux et dentaires individuelle<\/h1>\n                          <h2 class=\"paragraph\">Des garanties de soins m\u00e9dicaux et dentaires abordables, con\u00e7ues pour les organisations constitu\u00e9es d\u2019une seule personne et les entrepreneurs ind\u00e9pendants comme vous.<\/h2>\n        \t\t      <\/div>\n\t  <div class=\"cell medium-6\">\n\t\t  \t\t  <!-- <img decoding=\"async\" src=\"https:\/\/www.bbd.ca\/wp-content\/uploads\/2020\/06\/individual.svg\" alt=\"\"> -->\n\t\t  \n<svg id=\"Layer_1a1776347217\" data-title=\"Layer_1\" data-name=\"Layer 1\" xmlns=\"http:\/\/www.w3.org\/2000\/svg\" viewBox=\"0 0 1265.08 1133.58\"><defs><style>.cls-1{fill:none;stroke:#ffcb05;stroke-miterlimit:10;stroke-dasharray:10 10;}.cls-2{fill:#b4bfda;}.cls-3{fill:#b6bdda;}.cls-4{fill:#c3cfe4;}.cls-5{fill:#ffcb05;}.cls-6{fill:#597bbd;}.cls-7{fill:#325885;}.cls-8{fill:#e3e4ed;}.cls-9{fill:#98aad7;}.cls-10{fill:#196d9f;}.cls-11{font-size:33px;fill:#fff;font-family:MyriadPro-Regular, Myriad Pro;}.cls-12{letter-spacing:0.01em;}.cls-13{letter-spacing:-0.01em;}.cls-14{letter-spacing:-0.03em;}.cls-15{letter-spacing:0.03em;}.cls-16{letter-spacing:0.01em;}.cls-17{letter-spacing:0em;}.cls-18{letter-spacing:0em;}<\/style><\/defs><path class=\"cls-1\" d=\"M753.91,1005c68.29-4.74,125.11-36.85,144-85.49C926.33,846.13,856,767.31,848.39,759,747.68,649.19,609.6,728.72,422.48,613.54c-46.43-28.58-101.32-63.47-120-129C279.38,403.36,319.79,302.62,391,262.62c49.9-28,100.2-18,190.46,1.5C779.31,306.8,838.6,384.4,930.87,358.6c34.8-9.74,82.53-36.47,127.48-117\"\/><path class=\"cls-2\" d=\"M509.08,532.79c11.78,12.72,16.25,423.64,16.25,436.81-45.22,1.34-109.43,38.44-136.83,35.15-3.66-7.9-14.62-390.48-14.62-411.55S501.78,524.87,509.08,532.79Z\"\/><path class=\"cls-3\" d=\"M257.22,979.24c-7.8,0-19.13-423.31-19.13-423.31s132.67,16,135.79,37.27,14.05,411.74,14.05,411.74Z\"\/><path class=\"cls-4\" d=\"M373.86,611.93s-135.77-48.07-135.77-58.59,138.91-78,146.72-71.69,137.36,50.6,140.47,59S386.35,607.71,373.86,611.93Z\"\/><path class=\"cls-2\" d=\"M486.47,528.35c5.58-6.83-51.6-91.54-65.54-98.38s-95.55,4.79-98.34,11.62,4.87,88.12,16.05,92.23S480.9,535.18,486.47,528.35Z\"\/><path class=\"cls-2\" d=\"M320.5,438.52c-5-11.37-37-70.36-49.51-81.29s-33.47,51.91-33.47,65.58,71.58,115.07,85.07,110.66C335.15,529.37,327.12,453.55,320.5,438.52Z\"\/><path class=\"cls-5\" d=\"M253.55,426.21c-2.1-7.17,12.56-55.33,17.79-57.38s39.74,68.66,41.83,77.88,7.33,64.57,5.24,66.6S255.66,433.39,253.55,426.21Z\"\/><path class=\"cls-6\" d=\"M412.55,516.06c.93-6.39-31.39-73.11-39.06-73.11s-38.34,0-38.34,7.52,9.06,68.32,12.55,71S411.84,520.85,412.55,516.06Z\"\/><path class=\"cls-7\" d=\"M482.49,465.5c-10.46-15.35-43.93-9-53.08-5.37S406.53,467.07,412,476s26.53,11,46.68,9.19S493.46,481.65,482.49,465.5Z\"\/><path class=\"cls-7\" d=\"M486.84,474.69c-.49-5.77-15.78-7.4-19.91-3.36s-30.18,18.16-25.39,21.52S487.54,482.76,486.84,474.69Z\"\/><path class=\"cls-6\" d=\"M589,941c2.47,5.59,2,25.82,3.8,33.37,3.19,13.59-10.61,28.16-33.79,42.14-24.12,14.56-45.7,16.44-46.66,8.31s15.43-21.91,29.66-35.86c11.58-11.34,15.56-39,19.93-56.9C566.72,912.17,586.48,935.38,589,941Z\"\/><path class=\"cls-6\" d=\"M587.31,1017.06c4.21-.45,10.66-29,4.83-41-10.23-21-24.25-6.86-24.25-6.86l9,24.89S580.64,1017.77,587.31,1017.06Z\"\/><path class=\"cls-6\" d=\"M795.54,934.44c3.85,4.73,8.74,24.37,12.46,31.18,6.67,12.27-2.81,30-21.47,49.56-19.43,20.4-39.75,27.91-42.82,20.32s9.11-25.2,19.15-42.41c8.18-14,4.72-41.77,4.22-60.14C766.5,912.52,791.68,929.7,795.54,934.44Z\"\/><path class=\"cls-6\" d=\"M814,1008.27c3.93-1.55,2.62-30.84-6.16-40.82-15.4-17.53-25.2-.23-25.2-.23l15.24,21.63S807.78,1010.71,814,1008.27Z\"\/><path class=\"cls-2\" d=\"M918.87,342.27c28.76-2.69,60.14-37.64,32.19-86.31-14.53-25.25-123.7-75.32-138.86-79.52-34.24-9.5-60.63,2.49-68.86,9.08-21.53,17.24-46.64,47,9.82,57.49,36.46,6.75,31.37,31.83,47.67,44.73,12.19,9.62,48.55,8.48,64.74,20.84C875.81,316.37,879.47,345.94,918.87,342.27Z\"\/><path class=\"cls-2\" d=\"M699.13,170.84c-11.63-15.68-6-65.45,32.93-69.92,23.92-2.76,40.27,35.86,29.29,50.19S713.78,190.56,699.13,170.84Z\"\/><path class=\"cls-2\" d=\"M689.59,249.06s-19.93,1.64-37.32,48.06c-12.66,33.75-31,92.77-64.45,116.57S485,454.25,468.62,456.78s-10.23,27.74,10,30.26c14.2,1.74,68.33.48,134.16-22.5,36.35-12.68,111.87-63.4,114.33-117.87S689.59,249.06,689.59,249.06Z\"\/><path class=\"cls-8\" d=\"M777.83,524.05C790.35,507.69,798,504.32,798,482.81S779.7,293.63,770.5,273c-12.8-28.68-69.54-41.23-82.36-37.65-22.88,6.4-34.68,52.68-43,87.83-7.31,30.95-41.18,170.34-33.86,193.65C618.29,539.22,761.35,545.57,777.83,524.05Z\"\/><path class=\"cls-9\" d=\"M761.1,574.24C787.61,558.39,778,524.05,778,524.05s-148.48-35.88-162.82-26,4.21,65.44,38,70.84S734.11,590.38,761.1,574.24Z\"\/><path class=\"cls-7\" d=\"M732.06,251.51c12.37-4.53,20.14-41.24,25.64-52s-11-43-31.11-28.68-20.15,57.37-29.29,66.34S717.45,256.91,732.06,251.51Z\"\/><path class=\"cls-7\" d=\"M713.78,219.24c-17.85-2.23-34.33-33.15-20.15-64.54,10.63-23.49,36.62-46.62,71.39-25.1s28.92,68.4-11,89.64C733,230.45,713.78,219.24,713.78,219.24Z\"\/><path class=\"cls-8\" d=\"M677.16,246.15c-23.79,19.72-50.9,57.9-40.24,75.3,11,17.93,34.31,15.23,34.31,15.23Z\"\/><path class=\"cls-2\" d=\"M758.35,101.5c18.58-5.54,54,22.48,68.51,24.63s32.56-11.7,55.13-10c25.61,2,24.8,20,44.19,26.48s27.71-12.22,52-1.38c25.9,11.56,10.82,27,33.56,35.79s66.3,27,49.11,87c-9.89,34.48-42.67,57.12-75,50.54-25.67-5.25-64.33-40.32-75.18-54.63s-39.3-9.44-55.08-15.37-25.29-29.13-38-31-57.69,23.2-72.13,20.16c-21.52-4.56-1.06-40.81-3.36-47.64C716.46,162.82,717.72,113.6,758.35,101.5Z\"\/><path class=\"cls-7\" d=\"M766.83,191.45c2.44-9.8-3.11-23.6-16.47-20.57s-20.69,32.45-13.18,38.4S764.38,201.25,766.83,191.45Z\"\/><path class=\"cls-2\" d=\"M652.49,176c-25.23-1-34.31-16.81-32.29-28.66s14.12-60.3-2-67.23-100.9-2-105.95,10.88-1,60.29,3,67.22,94.86,11.86,94.86,11.86S624.24,185.91,652.49,176Z\"\/><path class=\"cls-9\" d=\"M555.2,942c-1.48-34.64-3.74-210.86,1.14-229.14s49.27-180,66.36-188.6S731,504.83,727,528.81,633.29,651.23,612.47,720.6c-4.94,16.51-19,203.73-20.83,224.45S556.22,966.16,555.2,942Z\"\/><path class=\"cls-9\" d=\"M663.5,576.75c-7.11-42.61,10.65-63.06,35.41-64.27,26.22-1.28,70.18,17.49,72.55,31.69s-13.93,203.88-15.27,227.44S801,929.35,801,950.15c0,14.28-20.17,25.6-33.31,10.2s-63.11-151.63-67.38-177.2S663.5,576.75,663.5,576.75Z\"\/><path class=\"cls-7\" d=\"M742,599c12.95,13.33,0,44.84-5.39,53.08s-11.39,21-19.07,13.84-5.44-28.2.36-47.58S728.35,585,742,599Z\"\/><path class=\"cls-7\" d=\"M733.84,592.92c5.55,1.63,4.07,16.94-.71,20.18S709.29,639,707,633.65,726.07,590.61,733.84,592.92Z\"\/><path class=\"cls-4\" d=\"M756.06,303.8c-4.73-7.12-17.71-26.65-34.52-26.13-15.38.48-26.26,17.5-29.54,22.63-32.27,50.52,24.23,100.07,19,207.52-2.12,43.47-13.82,85.76,9.3,105.55,1.91,1.63,10.14,8.67,17.66,6.38,15.36-4.66,15.48-44.4,15.87-64C756.66,416.18,792.53,358.67,756.06,303.8Z\"\/><path class=\"cls-8\" d=\"M476.34,335.9c-.35-6.91,2.36-16.11,8.66-19,12.79-6,37.9,15,34.63,27.7C517.4,353.25,501,361.31,488.46,355A22.74,22.74,0,0,1,476.34,335.9Z\"\/><path class=\"cls-10\" d=\"M482.05,357.83a53.52,53.52,0,0,1-12.16-1.62l.3-1.18a52.76,52.76,0,0,0,11.88,1.59ZM494.23,356l-.45-1.13a8.44,8.44,0,0,0,4.28-3.18,6,6,0,0,0,.78-3.13,11.78,11.78,0,0,0-.32-2.57l1.18-.27a12.41,12.41,0,0,1,.36,2.84,7.15,7.15,0,0,1-1,3.76A9.61,9.61,0,0,1,494.23,356Zm-35.64-4.71a13.54,13.54,0,0,1-5.62-7.2,11.35,11.35,0,0,1-.4-3.08,19.21,19.21,0,0,1,2.57-9.05l1.06.58a18.14,18.14,0,0,0-2.42,8.47,10.1,10.1,0,0,0,.36,2.75,12.34,12.34,0,0,0,5.15,6.54Zm34.64-15.92c-.64-.91-1.17-1.62-1.49-2.05a47,47,0,0,0-6.25-7.11l.81-.91a48.09,48.09,0,0,1,6.42,7.3c.32.43.86,1.15,1.5,2.08Zm-29.15-11.54-.67-1a18,18,0,0,1,8.79-3.18,15.42,15.42,0,0,1,3.12.09l-.16,1.21a13.74,13.74,0,0,0-2.87-.09A17,17,0,0,0,464.08,323.87Z\"\/><path class=\"cls-8\" d=\"M934.54,979.87c-.35-6.92,2.36-16.12,8.66-19,12.79-6,37.9,15,34.63,27.7-2.23,8.69-18.59,16.75-31.17,10.39A22.72,22.72,0,0,1,934.54,979.87Z\"\/><path class=\"cls-10\" d=\"M940.25,1001.8a53.53,53.53,0,0,1-12.16-1.63l.3-1.18a51.64,51.64,0,0,0,11.88,1.59Zm12.18-1.8-.45-1.13a8.44,8.44,0,0,0,4.28-3.18,6,6,0,0,0,.78-3.12,11.64,11.64,0,0,0-.32-2.57l1.18-.28a12.42,12.42,0,0,1,.36,2.85,7.12,7.12,0,0,1-1,3.75A9.61,9.61,0,0,1,952.43,1000Zm-35.64-4.71a13.5,13.5,0,0,1-5.62-7.2,11.3,11.3,0,0,1-.4-3.08,19.21,19.21,0,0,1,2.57-9l1.06.59A18.11,18.11,0,0,0,912,985a10.1,10.1,0,0,0,.36,2.75,12.34,12.34,0,0,0,5.15,6.54Zm34.64-15.91c-.64-.92-1.17-1.63-1.49-2.06a47,47,0,0,0-6.25-7.11l.81-.91a48.57,48.57,0,0,1,6.42,7.3c.32.43.86,1.15,1.5,2.08Zm-29.15-11.55-.67-1a18.25,18.25,0,0,1,8.79-3.18,16.19,16.19,0,0,1,3.12.09l-.16,1.21a13.72,13.72,0,0,0-2.87-.09A17.06,17.06,0,0,0,922.28,967.83Z\"\/><text class=\"cls-11\" transform=\"translate(68.67 -26.48)\"><tspan class=\"cls-12\">S<\/tspan><tspan x=\"16.47\" y=\"0\">olop<\/tspan><tspan class=\"cls-13\" x=\"79.26\" y=\"0\">r<\/tspan><tspan x=\"89.73\" y=\"0\">eneur <\/tspan><tspan class=\"cls-14\" x=\"177.08\" y=\"0\">P<\/tspan><tspan x=\"193.77\" y=\"0\">ag<\/tspan><tspan class=\"cls-15\" x=\"228.13\" y=\"0\">e<\/tspan><tspan x=\"245.58\" y=\"0\">&#8211; <\/tspan><tspan class=\"cls-16\" x=\"262.71\" y=\"0\">I<\/tspan><tspan x=\"270.93\" y=\"0\">llust<\/tspan><tspan class=\"cls-17\" x=\"328.67\" y=\"0\">r<\/tspan><tspan class=\"cls-18\" x=\"339.3\" y=\"0\">a<\/tspan><tspan x=\"355.07\" y=\"0\">tion<\/tspan><\/text><\/svg>\t  <\/div>\n    <\/div>\n  <\/div>\n<\/section>\n<\/div>\n\n\n\n<h3 class=\"wp-block-heading has-text-align-center\">Options de r\u00e9gime d\u2019avantages sociaux pour une personne<\/h3>\n\n\n\n<p>En tant que propri\u00e9taire, propri\u00e9taire unique ou entrepreneur, vous pouvez b\u00e9n\u00e9ficier d\u2019un r\u00e9gime d\u2019avantages sociaux qui offre une protection ad\u00e9quate pour vous et votre famille.<\/p>\n\n\n\n<p>Le co\u00fbt des m\u00e9dicaments et des soins m\u00e9dicaux au Canada est en hausse. Prot\u00e9gez-vous et prot\u00e9gez votre famille contre les co\u00fbts li\u00e9s aux d\u00e9penses m\u00e9dicales impr\u00e9vues gr\u00e2ce \u00e0 l\u2019un des r\u00e9gimes suivants.<\/p>\n\n\n\n\n<section class=\"section section--what-we-do alignfull\" id=\"block_6e228fef59b340832bf81ac05517f728\">\n  <div class=\"grid-container\">\n\t  \t\t  <h2>Assurance soins m\u00e9dicaux et dentaires individuelle<\/h2>\n\t  \t  <div class=\"what-we-do-content\">\n\t\t  <div class=\"grid-x grid-padding-x\">\n\t\t\t  <div class=\"cell medium-8\">\n\t\t\t\t  \t\t\t\t\t  <p>Les r\u00e9gimes Assistant-sant\u00e9 ZONE et LIEN de GSC sont des solutions individuelles en mati\u00e8re de soins m\u00e9dicaux et dentaires pour les travailleurs canadiens. Ces r\u00e9gimes offrent les avantages suivants :<br \/>\n\u2022\tUne grande vari\u00e9t\u00e9 de r\u00e9gimes de soins m\u00e9dicaux et dentaires individuels complets.<br \/>\n\u2022\tDes tarifs concurrentiels pour les c\u00e9libataires, les couples et les familles.<br \/>\n\u2022\tDes r\u00e9gimes \u00e0 \u00e9mission garantie disponibles qui vous couvriront, quels que soient vos ant\u00e9c\u00e9dents m\u00e9dicaux.<br \/>\n\u2022\tTant que vous payez vos primes, votre r\u00e9gime vous couvrira \u00e0 vie.<br \/>\n\u2022\tDans certaines situations, vous pouvez d\u00e9duire vos frais de soins m\u00e9dicaux et dentaires de vos revenus professionnels. Nous vous recommandons de consulter un conseiller fiscal professionnel pour plus de d\u00e9tails. <\/p>\n<h3>Pour s\u2019inscrire \u00e0 un r\u00e9gime Assistant-sant\u00e9<\/h3>\n<p>Vous devez \u00eatre \u00e2g\u00e9 de 18 \u00e0 79 ans pour pouvoir b\u00e9n\u00e9ficier de l\u2019Assistance-sant\u00e9. Vous devez \u00e9galement \u00eatre couvert par une assurance maladie provinciale pour y avoir droit.<\/p>\n<p>Pour faire une demande de participation \u00e0 LIEN, vous devez sortir d\u2019un r\u00e9gime d\u2019avantages sociaux pour \u00eatre admissible. Vous avez jusqu\u2019\u00e0 90 jours \u00e0 compter de la date \u00e0 laquelle vous perdez vos avantages sociaux pour faire une demande de participation \u00e0 LIEN. <\/p>\n<p>Il n\u2019y a pas de conditions de d\u00e9lai\/d\u2019admissibilit\u00e9 pour faire une demande de participation \u00e0 ZONE. Vous pouvez faire une demande de protection \u00e0 tout moment. <\/p>\n\t\t\t\t  \t\t\t  <\/div>\n\t\t\t  <div class=\"cell medium-4\">\n\t\t\t\t  \t\t\t\t\t  <img loading=\"lazy\" decoding=\"async\" src=\"https:\/\/www.bbd.ca\/wp-content\/uploads\/2020\/06\/Individual-Health-and-Dental.png\" alt=\"m\u00e9decin avec un presse-papiers\" width=\"583\" height=\"532\">\n\t\t\t\t  \t\t\t  <\/div>\n\t\t  <\/div>\n  \t  <\/div>\n  <\/div>\n<\/section>\n\n\n\n\n<section class=\"section section--cta-banner alignfull\" id=\"block_141f2af31c7a3427c29f12a68044754a\">\n\n  <div class=\"grid-container text-center\">\n      \t\t  \t  \t\t<a class=\"button arrow-button\" href=\"https:\/\/mygscadvantage.ca\/content\/1598-HA332-N7464?lang=fr\" target=\"_self\">Parcourir les r\u00e9gimes<img loading=\"lazy\" decoding=\"async\" src=\"https:\/\/www.bbd.ca\/wp-content\/themes\/benefitsbydesign\/img\/arrow-button-dark.png\" alt=\"\" width=\"30\" height=\"30\"><\/a>\n\t    <\/div>\n<\/section>\n","protected":false},"excerpt":{"rendered":"<p>Options de r\u00e9gime d\u2019avantages sociaux pour une personne En tant que propri\u00e9taire, propri\u00e9taire unique ou entrepreneur, vous pouvez b\u00e9n\u00e9ficier d\u2019un r\u00e9gime d\u2019avantages sociaux qui offre une protection ad\u00e9quate pour vous et votre famille. Le co\u00fbt des m\u00e9dicaments et des soins m\u00e9dicaux au Canada est en hausse. Prot\u00e9gez-vous et prot\u00e9gez votre famille contre les co\u00fbts li\u00e9s [&hellip;]<\/p>\n","protected":false},"author":8,"featured_media":0,"parent":0,"menu_order":87,"comment_status":"closed","ping_status":"closed","template":"","meta":{"_acf_changed":false,"content-type":"","footnotes":""},"class_list":["post-3294","page","type-page","status-publish","hentry"],"acf":[],"yoast_head":"<!-- This site is optimized with the Yoast SEO plugin v27.4 - https:\/\/yoast.com\/product\/yoast-seo-wordpress\/ -->\n<title>Assurance soins m\u00e9dicaux et dentaires individuelle : BBD<\/title>\n<meta name=\"description\" content=\"Vous \u00eates travailleur ind\u00e9pendant et vous avez besoin d\u2019avantages sociaux? Nous disposons d\u2019une assurance soins m\u00e9dicaux et dentaires individuelle pour r\u00e9pondre \u00e0 vos besoins.\" \/>\n<meta name=\"robots\" content=\"index, follow, max-snippet:-1, max-image-preview:large, max-video-preview:-1\" \/>\n<link rel=\"canonical\" href=\"https:\/\/www.bbd.ca\/fr\/assurance-individuelle\/\" \/>\n<meta property=\"og:locale\" content=\"fr_FR\" \/>\n<meta property=\"og:type\" content=\"article\" \/>\n<meta property=\"og:title\" content=\"Assurance soins m\u00e9dicaux et dentaires individuelle : BBD\" \/>\n<meta property=\"og:description\" content=\"Vous \u00eates travailleur ind\u00e9pendant et vous avez besoin d\u2019avantages sociaux? Nous disposons d\u2019une assurance soins m\u00e9dicaux et dentaires individuelle pour r\u00e9pondre \u00e0 vos besoins.\" \/>\n<meta property=\"og:url\" content=\"https:\/\/www.bbd.ca\/fr\/assurance-individuelle\/\" \/>\n<meta property=\"og:site_name\" content=\"Benefits by Design\" \/>\n<meta property=\"article:publisher\" content=\"https:\/\/www.facebook.com\/BBDCanada\" \/>\n<meta property=\"article:modified_time\" content=\"2025-06-25T23:59:30+00:00\" \/>\n<meta name=\"twitter:card\" content=\"summary_large_image\" \/>\n<meta name=\"twitter:site\" content=\"@bbdcanada\" \/>\n<meta name=\"twitter:label1\" content=\"Dur\u00e9e de lecture estim\u00e9e\" \/>\n\t<meta name=\"twitter:data1\" content=\"1 minute\" \/>\n<script type=\"application\/ld+json\" class=\"yoast-schema-graph\">{\"@context\":\"https:\\\/\\\/schema.org\",\"@graph\":[{\"@type\":\"WebPage\",\"@id\":\"https:\\\/\\\/www.bbd.ca\\\/fr\\\/assurance-individuelle\\\/\",\"url\":\"https:\\\/\\\/www.bbd.ca\\\/fr\\\/assurance-individuelle\\\/\",\"name\":\"Assurance soins m\u00e9dicaux et dentaires individuelle : BBD\",\"isPartOf\":{\"@id\":\"https:\\\/\\\/www.bbd.ca\\\/#website\"},\"datePublished\":\"2020-06-25T12:54:13+00:00\",\"dateModified\":\"2025-06-25T23:59:30+00:00\",\"description\":\"Vous \u00eates travailleur ind\u00e9pendant et vous avez besoin d\u2019avantages sociaux? Nous disposons d\u2019une assurance soins m\u00e9dicaux et dentaires individuelle pour r\u00e9pondre \u00e0 vos besoins.\",\"breadcrumb\":{\"@id\":\"https:\\\/\\\/www.bbd.ca\\\/fr\\\/assurance-individuelle\\\/#breadcrumb\"},\"inLanguage\":\"fr-FR\",\"potentialAction\":[{\"@type\":\"ReadAction\",\"target\":[\"https:\\\/\\\/www.bbd.ca\\\/fr\\\/assurance-individuelle\\\/\"]}]},{\"@type\":\"BreadcrumbList\",\"@id\":\"https:\\\/\\\/www.bbd.ca\\\/fr\\\/assurance-individuelle\\\/#breadcrumb\",\"itemListElement\":[{\"@type\":\"ListItem\",\"position\":1,\"name\":\"Home\",\"item\":\"https:\\\/\\\/www.bbd.ca\\\/fr\\\/\"},{\"@type\":\"ListItem\",\"position\":2,\"name\":\"Assurance individuelle\"}]},{\"@type\":\"WebSite\",\"@id\":\"https:\\\/\\\/www.bbd.ca\\\/#website\",\"url\":\"https:\\\/\\\/www.bbd.ca\\\/\",\"name\":\"Benefits by Design\",\"description\":\"Helping working Canadians maintain their health, wealth, and happiness.\",\"publisher\":{\"@id\":\"https:\\\/\\\/www.bbd.ca\\\/#organization\"},\"potentialAction\":[{\"@type\":\"SearchAction\",\"target\":{\"@type\":\"EntryPoint\",\"urlTemplate\":\"https:\\\/\\\/www.bbd.ca\\\/?s={search_term_string}\"},\"query-input\":{\"@type\":\"PropertyValueSpecification\",\"valueRequired\":true,\"valueName\":\"search_term_string\"}}],\"inLanguage\":\"fr-FR\"},{\"@type\":\"Organization\",\"@id\":\"https:\\\/\\\/www.bbd.ca\\\/#organization\",\"name\":\"Benefits by Design (BBD) Inc.\",\"url\":\"https:\\\/\\\/www.bbd.ca\\\/\",\"logo\":{\"@type\":\"ImageObject\",\"inLanguage\":\"fr-FR\",\"@id\":\"https:\\\/\\\/www.bbd.ca\\\/#\\\/schema\\\/logo\\\/image\\\/\",\"url\":\"https:\\\/\\\/www.bbd.ca\\\/wp-content\\\/uploads\\\/2020\\\/06\\\/BBD-Logo-EN-June-2020@3x.png\",\"contentUrl\":\"https:\\\/\\\/www.bbd.ca\\\/wp-content\\\/uploads\\\/2020\\\/06\\\/BBD-Logo-EN-June-2020@3x.png\",\"width\":1036,\"height\":779,\"caption\":\"Benefits by Design (BBD) Inc.\"},\"image\":{\"@id\":\"https:\\\/\\\/www.bbd.ca\\\/#\\\/schema\\\/logo\\\/image\\\/\"},\"sameAs\":[\"https:\\\/\\\/www.facebook.com\\\/BBDCanada\",\"https:\\\/\\\/x.com\\\/bbdcanada\",\"https:\\\/\\\/www.instagram.com\\\/bbdcanada\\\/\",\"https:\\\/\\\/www.linkedin.com\\\/company\\\/bbdcanada\\\/\",\"https:\\\/\\\/www.youtube.com\\\/channel\\\/UC4b8eGlZEk622mNSK6_LTvA\"]}]}<\/script>\n<!-- \/ Yoast SEO plugin. -->","yoast_head_json":{"title":"Assurance soins m\u00e9dicaux et dentaires individuelle : BBD","description":"Vous \u00eates travailleur ind\u00e9pendant et vous avez besoin d\u2019avantages sociaux? Nous disposons d\u2019une assurance soins m\u00e9dicaux et dentaires individuelle pour r\u00e9pondre \u00e0 vos besoins.","robots":{"index":"index","follow":"follow","max-snippet":"max-snippet:-1","max-image-preview":"max-image-preview:large","max-video-preview":"max-video-preview:-1"},"canonical":"https:\/\/www.bbd.ca\/fr\/assurance-individuelle\/","og_locale":"fr_FR","og_type":"article","og_title":"Assurance soins m\u00e9dicaux et dentaires individuelle : BBD","og_description":"Vous \u00eates travailleur ind\u00e9pendant et vous avez besoin d\u2019avantages sociaux? Nous disposons d\u2019une assurance soins m\u00e9dicaux et dentaires individuelle pour r\u00e9pondre \u00e0 vos besoins.","og_url":"https:\/\/www.bbd.ca\/fr\/assurance-individuelle\/","og_site_name":"Benefits by Design","article_publisher":"https:\/\/www.facebook.com\/BBDCanada","article_modified_time":"2025-06-25T23:59:30+00:00","twitter_card":"summary_large_image","twitter_site":"@bbdcanada","twitter_misc":{"Dur\u00e9e de lecture estim\u00e9e":"1 minute"},"schema":{"@context":"https:\/\/schema.org","@graph":[{"@type":"WebPage","@id":"https:\/\/www.bbd.ca\/fr\/assurance-individuelle\/","url":"https:\/\/www.bbd.ca\/fr\/assurance-individuelle\/","name":"Assurance soins m\u00e9dicaux et dentaires individuelle : BBD","isPartOf":{"@id":"https:\/\/www.bbd.ca\/#website"},"datePublished":"2020-06-25T12:54:13+00:00","dateModified":"2025-06-25T23:59:30+00:00","description":"Vous \u00eates travailleur ind\u00e9pendant et vous avez besoin d\u2019avantages sociaux? Nous disposons d\u2019une assurance soins m\u00e9dicaux et dentaires individuelle pour r\u00e9pondre \u00e0 vos besoins.","breadcrumb":{"@id":"https:\/\/www.bbd.ca\/fr\/assurance-individuelle\/#breadcrumb"},"inLanguage":"fr-FR","potentialAction":[{"@type":"ReadAction","target":["https:\/\/www.bbd.ca\/fr\/assurance-individuelle\/"]}]},{"@type":"BreadcrumbList","@id":"https:\/\/www.bbd.ca\/fr\/assurance-individuelle\/#breadcrumb","itemListElement":[{"@type":"ListItem","position":1,"name":"Home","item":"https:\/\/www.bbd.ca\/fr\/"},{"@type":"ListItem","position":2,"name":"Assurance individuelle"}]},{"@type":"WebSite","@id":"https:\/\/www.bbd.ca\/#website","url":"https:\/\/www.bbd.ca\/","name":"Benefits by Design","description":"Helping working Canadians maintain their health, wealth, and happiness.","publisher":{"@id":"https:\/\/www.bbd.ca\/#organization"},"potentialAction":[{"@type":"SearchAction","target":{"@type":"EntryPoint","urlTemplate":"https:\/\/www.bbd.ca\/?s={search_term_string}"},"query-input":{"@type":"PropertyValueSpecification","valueRequired":true,"valueName":"search_term_string"}}],"inLanguage":"fr-FR"},{"@type":"Organization","@id":"https:\/\/www.bbd.ca\/#organization","name":"Benefits by Design (BBD) Inc.","url":"https:\/\/www.bbd.ca\/","logo":{"@type":"ImageObject","inLanguage":"fr-FR","@id":"https:\/\/www.bbd.ca\/#\/schema\/logo\/image\/","url":"https:\/\/www.bbd.ca\/wp-content\/uploads\/2020\/06\/BBD-Logo-EN-June-2020@3x.png","contentUrl":"https:\/\/www.bbd.ca\/wp-content\/uploads\/2020\/06\/BBD-Logo-EN-June-2020@3x.png","width":1036,"height":779,"caption":"Benefits by Design (BBD) Inc."},"image":{"@id":"https:\/\/www.bbd.ca\/#\/schema\/logo\/image\/"},"sameAs":["https:\/\/www.facebook.com\/BBDCanada","https:\/\/x.com\/bbdcanada","https:\/\/www.instagram.com\/bbdcanada\/","https:\/\/www.linkedin.com\/company\/bbdcanada\/","https:\/\/www.youtube.com\/channel\/UC4b8eGlZEk622mNSK6_LTvA"]}]}},"_links":{"self":[{"href":"https:\/\/www.bbd.ca\/fr\/wp-json\/wp\/v2\/pages\/3294","targetHints":{"allow":["GET"]}}],"collection":[{"href":"https:\/\/www.bbd.ca\/fr\/wp-json\/wp\/v2\/pages"}],"about":[{"href":"https:\/\/www.bbd.ca\/fr\/wp-json\/wp\/v2\/types\/page"}],"author":[{"embeddable":true,"href":"https:\/\/www.bbd.ca\/fr\/wp-json\/wp\/v2\/users\/8"}],"replies":[{"embeddable":true,"href":"https:\/\/www.bbd.ca\/fr\/wp-json\/wp\/v2\/comments?post=3294"}],"version-history":[{"count":9,"href":"https:\/\/www.bbd.ca\/fr\/wp-json\/wp\/v2\/pages\/3294\/revisions"}],"predecessor-version":[{"id":12584,"href":"https:\/\/www.bbd.ca\/fr\/wp-json\/wp\/v2\/pages\/3294\/revisions\/12584"}],"wp:attachment":[{"href":"https:\/\/www.bbd.ca\/fr\/wp-json\/wp\/v2\/media?parent=3294"}],"curies":[{"name":"wp","href":"https:\/\/api.w.org\/{rel}","templated":true}]}}